{"id":10,"date":"2026-04-06T16:42:57","date_gmt":"2026-04-06T16:42:57","guid":{"rendered":"https:\/\/chauffageco-84.fr\/?page_id=10"},"modified":"2026-04-07T13:41:10","modified_gmt":"2026-04-07T13:41:10","slug":"nos-marques","status":"publish","type":"page","link":"https:\/\/chauffageco-84.fr\/?page_id=10","title":{"rendered":"Nos marques"},"content":{"rendered":"\t\t<div data-elementor-type=\"wp-page\" data-elementor-id=\"10\" class=\"elementor elementor-10\">\n\t\t\t\t<div class=\"elementor-element elementor-element-3e59896 e-flex e-con-boxed e-con e-parent\" data-id=\"3e59896\" data-element_type=\"container\" data-e-type=\"container\">\n\t\t\t\t\t<div class=\"e-con-inner\">\n\t\t\t\t\t\t\t<h1 \n\t\tdata-interaction-id=\"ac8bd65\" \n\t\tclass=\"e-ac8bd65-7e61832 e-heading-base\" \n\t\t \n\t\t\n\t>\n\t\n\t\t\t<strong id=\"e-mnoo2wap-2t0bqv6\">Les marques partenaires <\/strong><br><strong id=\"e-mnoo2wap-sxr7mbz\">de Chauffageco<\/strong>\n\t\t<\/h1>\n\t\t\t\t\t<\/div>\n\t\t\t\t<\/div>\n\t\t<div class=\"elementor-element elementor-element-9d97bcd e-flex e-con-boxed e-con e-parent\" data-id=\"9d97bcd\" data-element_type=\"container\" data-e-type=\"container\">\n\t\t\t\t\t<div class=\"e-con-inner\">\n\t\t<div class=\"elementor-element elementor-element-b438713 e-con-full e-flex e-con e-child\" data-id=\"b438713\" data-element_type=\"container\" data-e-type=\"container\">\n\t\t\t\t<div class=\"elementor-element elementor-element-d918ca9 elementor-widget elementor-widget-spacer\" data-id=\"d918ca9\" data-element_type=\"widget\" data-e-type=\"widget\" data-widget_type=\"spacer.default\">\n\t\t\t\t\t\t\t<div class=\"elementor-spacer\">\n\t\t\t<div class=\"elementor-spacer-inner\"><\/div>\n\t\t<\/div>\n\t\t\t\t\t\t<\/div>\n\t\t\t\t\t\t\t\t<p class=\"e-paragraph-base\" data-interaction-id=\"19190ac\"  >\n\t\t\t\t\t\t\t\tChez Chauffageco, nous installons des \u00e9quipements issus des plus grandes marques reconnues pour leur fiabilit\u00e9 et leurs performances : <strong id=\"e-mnoo3a8l-v40yfml\">Atlantic, Daikin, Hitachi, Mitsubishi Electric, Thermor et Toshiba.<\/strong><br><br>Gr\u00e2ce \u00e0 ces partenariats, nous vous garantissons des solutions de chauffage et de climatisation durables, performantes et adapt\u00e9es \u00e0 vos besoins.\n\t\t\t\t\t<\/p>\n\t\t\t\t<div class=\"elementor-element elementor-element-9b89c7e elementor-widget elementor-widget-spacer\" data-id=\"9b89c7e\" data-element_type=\"widget\" data-e-type=\"widget\" data-widget_type=\"spacer.default\">\n\t\t\t\t\t\t\t<div class=\"elementor-spacer\">\n\t\t\t<div class=\"elementor-spacer-inner\"><\/div>\n\t\t<\/div>\n\t\t\t\t\t\t<\/div>\n\t\t\t\t<\/div>\n\t\t<div class=\"elementor-element elementor-element-9471d9b e-con-full e-flex e-con e-child\" data-id=\"9471d9b\" data-element_type=\"container\" data-e-type=\"container\">\n\t\t\t\t<\/div>\n\t\t\t\t\t<\/div>\n\t\t\t\t<\/div>\n\t\t\t\t<\/div>\n\t\t","protected":false},"excerpt":{"rendered":"<p>Les marques partenaires de Chauffageco Chez Chauffageco, nous installons des \u00e9quipements issus des plus grandes marques reconnues pour leur fiabilit\u00e9 et leurs performances : Atlantic, Daikin, Hitachi, Mitsubishi Electric, Thermor et Toshiba. Gr\u00e2ce \u00e0 ces partenariats, nous vous garantissons des solutions de chauffage et de climatisation durables, performantes et adapt\u00e9es \u00e0 vos besoins.<\/p>\n","protected":false},"author":4,"featured_media":0,"parent":0,"menu_order":0,"comment_status":"closed","ping_status":"closed","template":"","meta":{"footnotes":""},"class_list":["post-10","page","type-page","status-publish","hentry","entry"],"_links":{"self":[{"href":"https:\/\/chauffageco-84.fr\/index.php?rest_route=\/wp\/v2\/pages\/10","targetHints":{"allow":["GET"]}}],"collection":[{"href":"https:\/\/chauffageco-84.fr\/index.php?rest_route=\/wp\/v2\/pages"}],"about":[{"href":"https:\/\/chauffageco-84.fr\/index.php?rest_route=\/wp\/v2\/types\/page"}],"author":[{"embeddable":true,"href":"https:\/\/chauffageco-84.fr\/index.php?rest_route=\/wp\/v2\/users\/4"}],"replies":[{"embeddable":true,"href":"https:\/\/chauffageco-84.fr\/index.php?rest_route=%2Fwp%2Fv2%2Fcomments&post=10"}],"version-history":[{"count":4,"href":"https:\/\/chauffageco-84.fr\/index.php?rest_route=\/wp\/v2\/pages\/10\/revisions"}],"predecessor-version":[{"id":106,"href":"https:\/\/chauffageco-84.fr\/index.php?rest_route=\/wp\/v2\/pages\/10\/revisions\/106"}],"wp:attachment":[{"href":"https:\/\/chauffageco-84.fr\/index.php?rest_route=%2Fwp%2Fv2%2Fmedia&parent=10"}],"curies":[{"name":"wp","href":"https:\/\/api.w.org\/{rel}","templated":true}]}}